{"id":54,"date":"2015-07-28T22:28:11","date_gmt":"2015-07-29T01:28:11","guid":{"rendered":"http:\/\/olivosgolf.com.ar\/site\/?page_id=54"},"modified":"2017-12-21T06:46:11","modified_gmt":"2017-12-21T09:46:11","slug":"condiciones-de-la-competencia","status":"publish","type":"page","link":"https:\/\/www.olivosgolf.com.ar\/site\/condiciones-de-la-competencia\/","title":{"rendered":"Condiciones de la Competencia"},"content":{"rendered":"<h3><img class=\"aligncenter size-full wp-image-331\" src=\"\/site\/wp-content\/uploads\/2015\/07\/bolsa-con-jugadores-de-fond.jpg\" alt=\"bolsa-con-jugadores-de-fond\" width=\"100%\" srcset=\"https:\/\/www.olivosgolf.com.ar\/site\/wp-content\/uploads\/2015\/07\/bolsa-con-jugadores-de-fond.jpg 624w, https:\/\/www.olivosgolf.com.ar\/site\/wp-content\/uploads\/2015\/07\/bolsa-con-jugadores-de-fond-300x142.jpg 300w\" sizes=\"(max-width: 624px) 100vw, 624px\" \/><br \/>\nDEVOLUCION DE GREEN FEE<\/h3>\n<ul>\n<li>Se informa que una vez iniciado el juego, si por alg\u00fan motivo el mismo fuera suspendido, el importe del green fee ya cobrado no tendr\u00e1 devoluci\u00f3n.<\/li>\n<\/ul>\n<hr \/>\n<h3>DAMAS (Cantidad m\u00ednima de jugadoras)<\/h3>\n<ul>\n<li>Para todas las modalidades, ya sean individual o four-ball, si el n\u00famero de jugadoras y\/o equipos para las categor\u00edas previamente establecidas, no alcanzare un cantidad m\u00ednimade ocho ( 8 ), se proceder\u00e1 a agrupar a todas las participantesen un UNICO PREMIO<\/li>\n<\/ul>\n<hr \/>\n<h3>CANTIDAD MINIMA DE JUGADORES PARA QUE HAYA PREMIO<\/h3>\n<ul>\n<li>Medal Play \u2013 Contrapar \u2013 Stableford : 8<\/li>\n<li>FourBall \u2013 Chapman : 8 parejas<\/li>\n<li>Laguneada \u2013 Scramble : 6 equipos<\/li>\n<\/ul>\n<p>*Para las Damas, debido a la imposibilidad de cumplirse habitualmente con algunas de estas disposiciones, se ha establecido el premio<\/p>\n<p>\u201cMedio Sweepstake\u201d, el cual se realizar\u00e1 cuando haya un m\u00ednimo de 12 jugadoras en la cancha.<\/p>\n<hr \/>\n<h3>EMPATES<\/h3>\n<h6>MATCH PLAY<\/h6>\n<ul>\n<li>Un match que termina empatado, deber\u00e1 definirse jugando hoyo por hoyo hasta que un bando gane un hoyo. El desempate deber\u00e1 comenzar en el hoyo donde se inici\u00f3 el match. En el caso de un match con handicap, se conceder\u00e1n los golpes de ventaja como en la vuelta jugada.<\/li>\n<\/ul>\n<h6>JUEGO POR GOLPES<\/h6>\n<ul>\n<li>En una competencia por golpes, ya sea scratch o con handicap, se adoptar\u00e1 el sistema de desempate autom\u00e1tico. En caso de empate en un torneo a 36 \u00f3 54 hoyos, se tomar\u00e1n en cuenta los \u00faltimos 18 hoyos. De seguir el empate, se tomar\u00e1n los \u00faltimos 9, 6, 3 y 1. De subsistir una indefinici\u00f3n, se realizar\u00e1 un sorteo para establecer un ganador.<\/li>\n<li>En caso de empate en un torneo a 18 hoyos, la definici\u00f3n ser har\u00e1 a partir de los \u00faltimos 9 hoyos.<\/li>\n<\/ul>\n<p>NOTA: En todos los torneos con handicap, este se deber\u00e1 aplicar de acuerdo a la proporci\u00f3n de los hoyos tomados.<\/p>\n<p>EJEMPLO: En una competencia por golpes individual, A tiene 10 y B tiene 7. Si se dispone un desempate a 9 hoyos, los handicaps a aplicar se calcular\u00e1n de la siguiente manera: A recibir\u00e1 5 golpes y B recibir\u00e1 3,5 golpes.<\/p>\n<p>DRAW NUMERICO GENERAL<\/p>\n<p>Con el prop\u00f3sito de determinar las posiciones en el Draw, los empates en vueltas de clasificaci\u00f3n, ser\u00e1n decididos por desempate autom\u00e1tico<\/p>\n<hr \/>\n<h3>JUGADORES QUE CLASIFICAN EN COMPETENCIAS MATCH PLAY<\/h3>\n<p>A fin de no ser incluidos en el draw, se solicita a las jugadoras y jugadores que no vayan a continuar con los partidos, tomar el recaudo de informar al Starter en forma clara sobre dicha situaci\u00f3n.<\/p>\n<p>Asimismo, cuando por una situaci\u00f3n imprevista no pudieran presentarse a jugar alguna de las ruedas, se pide hac\u00e9rselo saber a la Capitana o al Capit\u00e1n hasta el d\u00eda anterior al que se juegue el partido (pueden remitir un mail alonsoisabel@yahoo.com.ar \/ ocurry@sion.com ).<\/p>\n<p>De ser as\u00ed, el jugador que gane por WO podr\u00e1 ser dispensado de presentarse en el tee de salida en el horario establecido para la disputa del match.<\/p>\n<p>En caso de no dar aviso de la manera establecida, el contrario se ver\u00e1 en la obligaci\u00f3n de presentarse en el tee de salida.<\/p>\n<hr \/>\n<h3>TOQUE DE SIRENA<\/h3>\n<p>UN\u00a0 Toque de Sirena: SUSPENSION TEMPORAL<\/p>\n<p>NUEVO\u00a0Toque de Sirena: REANUDACION DEL JUEGO<\/p>\n<p>DOS Toques de Sirena: SUSPENSI\u00d3N DEFINITIVA<\/p>\n<hr \/>\n<h3>SUSPENSION DEL JUEGO<\/h3>\n<p>Cuando el juego es SUSPENDIDO por el Comit\u00e9, los jugadores deber\u00e1n INTERRUMPIR EL JUEGO DE INMEDIATO, y no lo reanudar\u00e1n hasta tanto el Comit\u00e9 as\u00ed lo disponga. La falta a esta disposici\u00f3n ser\u00e1 sancionada con DESCALIFICACI\u00d3N.<\/p>\n<p>Esta norma rige asimismo para la modalidad de Match Play o para aquellos jugadores que est\u00e9n a punto de iniciar un nuevo hoyo.<\/p>\n<p>La se\u00f1al para suspender el juego, ser\u00e1 un toque prolongado de sirena.<\/p>\n<hr \/>\n<h3>HORARIO DE SALIDA<\/h3>\n<p>Si el jugador se presenta donde debe iniciar el juego, preparado para jugar, dentro de los cinco minutos posteriores a su hora de salida, la penalidad por no haber iniciado el juego a esa hora, <strong>es p\u00e9rdida del primer hoyo en match play o de dos golpes en el primer hoyo en el juego por golpes<\/strong> (Regla 6-3). Esto condice con la Regla 33-7, por la cual la Capitan\u00eda puede disponer las condiciones de una competencia en ausencia de circunstancias que justifiquen dejar sin efecto la penalidad de descalificaci\u00f3n.<\/p>\n","protected":false},"excerpt":{"rendered":"<p>DEVOLUCION DE GREEN FEE Se informa que una vez iniciado el juego, si por alg\u00fan motivo el mismo fuera suspendido, el importe del green fee ya cobrado no tendr\u00e1 devoluci\u00f3n. DAMAS (Cantidad m\u00ednima de jugadoras) Para todas las modalidades, ya sean individual o four-ball, si el n\u00famero de jugadoras y\/o equipos para las categor\u00edas previamente [&hellip;]<\/p>\n","protected":false},"author":9,"featured_media":0,"parent":0,"menu_order":0,"comment_status":"open","ping_status":"open","template":"page-full-width.php","meta":[],"_links":{"self":[{"href":"https:\/\/www.olivosgolf.com.ar\/site\/wp-json\/wp\/v2\/pages\/54"}],"collection":[{"href":"https:\/\/www.olivosgolf.com.ar\/site\/wp-json\/wp\/v2\/pages"}],"about":[{"href":"https:\/\/www.olivosgolf.com.ar\/site\/wp-json\/wp\/v2\/types\/page"}],"author":[{"embeddable":true,"href":"https:\/\/www.olivosgolf.com.ar\/site\/wp-json\/wp\/v2\/users\/9"}],"replies":[{"embeddable":true,"href":"https:\/\/www.olivosgolf.com.ar\/site\/wp-json\/wp\/v2\/comments?post=54"}],"version-history":[{"count":10,"href":"https:\/\/www.olivosgolf.com.ar\/site\/wp-json\/wp\/v2\/pages\/54\/revisions"}],"predecessor-version":[{"id":6179,"href":"https:\/\/www.olivosgolf.com.ar\/site\/wp-json\/wp\/v2\/pages\/54\/revisions\/6179"}],"wp:attachment":[{"href":"https:\/\/www.olivosgolf.com.ar\/site\/wp-json\/wp\/v2\/media?parent=54"}],"curies":[{"name":"wp","href":"https:\/\/api.w.org\/{rel}","templated":true}]}}