{"id":52,"date":"2015-07-28T22:27:55","date_gmt":"2015-07-29T01:27:55","guid":{"rendered":"http:\/\/olivosgolf.com.ar\/site\/?page_id=52"},"modified":"2017-12-21T06:47:03","modified_gmt":"2017-12-21T09:47:03","slug":"aviso-a-los-jugadores","status":"publish","type":"page","link":"https:\/\/www.olivosgolf.com.ar\/site\/aviso-a-los-jugadores\/","title":{"rendered":"Aviso a los jugadores"},"content":{"rendered":"<p style=\"text-align: left;\"><a href=\"\/site\/wp-content\/uploads\/2015\/07\/jugadores-green-18.jpg\"><img class=\"aligncenter size-full wp-image-339\" src=\"\/site\/wp-content\/uploads\/2015\/07\/jugadores-green-18.jpg\" alt=\"jugadores-green-18\" width=\"100%\" srcset=\"https:\/\/www.olivosgolf.com.ar\/site\/wp-content\/uploads\/2015\/07\/jugadores-green-18.jpg 624w, https:\/\/www.olivosgolf.com.ar\/site\/wp-content\/uploads\/2015\/07\/jugadores-green-18-300x142.jpg 300w\" sizes=\"(max-width: 624px) 100vw, 624px\" \/><\/a><\/p>\n<p style=\"text-align: left;\">\u00a0SE\u00d1OR JUGADOR\u00a0 Por favor recuerde\u2026<\/p>\n<ul>\n<li>\n<div style=\"text-align: left;\">\u00a0ARREGLAR LOS PIQUES<\/div>\n<\/li>\n<li>\n<div style=\"text-align: left;\">\u00a0REPONER LOS DIVOTS<\/div>\n<\/li>\n<li>\n<div style=\"text-align: left;\">\u00a0RASTRILLAR LOS BUNKERS<\/div>\n<\/li>\n<\/ul>\n<p style=\"text-align: left;\">\u00a0Muchas Gracias<\/p>\n<hr \/>\n<h3>VESTIMENTA<\/h3>\n<p>Se comunica que NO SERA PERMITIDO EL USO de las siguientes vestimentas para la pr\u00e1ctica de golf:<\/p>\n<ul>\n<li>Joggins<\/li>\n<li>Remeras sin cuello<\/li>\n<li>Remeras musculosas<\/li>\n<li>Remeras sin mangas (caballeros)<\/li>\n<li>Camisetas de Football, Rugby, etc.<\/li>\n<li>Trajes de ba\u00f1o<\/li>\n<li>Shorts y Calzas (damas)<\/li>\n<\/ul>\n<p>* Los miembros de la Comisi\u00f3n de Golf y los Starters est\u00e1n a cargo de controlar el cumplimiento de la presente.<\/p>\n<hr \/>\n<h3>IMPORTANTE:<\/h3>\n<p>COLOQUE LOS RASTRILLOS EN EL CENTRO DEL BUNKER, DE MODO QUE INTERFIERAN LO MENOS POSIBLE EN EL DESARROLLO DEL JUEGO.<\/p>\n<p>Todo rastrillo que se encuentra dentro de un bunker, podr\u00e1 ser removido. si la pelota descansa contra un rastrillo, antes de retirarlo, deber\u00eda marcar la pelota. En caso de moverse la pelota, esta podr\u00e1 ser repuesta sin penalidad. Luego, deber\u00e1 colocarse nuevamente el rastrillo dentro del bunker.<\/p>\n<hr \/>\n<h3>TOQUE DE SIRENA<\/h3>\n<p>UN\u00a0 Toque de Sirena: SUSPENSION TEMPORAL<\/p>\n<p>NUEVO\u00a0Toque de Sirena: REANUDACION DEL JUEGO<\/p>\n<p>DOS Toques de Sirena: SUSPENSI\u00d3N DEFINITIVA<\/p>\n<hr \/>\n<h3>SUSPENSION DEL JUEGO<\/h3>\n<p>Cuando el juego es SUSPENDIDO por el Comit\u00e9, los jugadores deber\u00e1n INTERRUMPIR EL JUEGO DE INMEDIATO, y no lo reanudar\u00e1n hasta tanto el Comit\u00e9 as\u00ed lo disponga. La falta a esta disposici\u00f3n ser\u00e1 sancionada con DESCALIFICACI\u00d3N.<\/p>\n<p>Esta norma rige asimismo para la modalidad de Match Play o para aquellos jugadores que est\u00e9n a punto de iniciar un nuevo hoyo.<\/p>\n<p>La se\u00f1al para suspender el juego, ser\u00e1 un toque prolongado de sirena.<\/p>\n<hr \/>\n<h3>CUIDADO DE MARCAS Y ESTACAS<\/h3>\n<p>Rogamos a usted colaborar en el cuidado de las marcas ubicadas en cada tee de salida, como as\u00ed tambi\u00e9n de las estacas que se encuentran en los laterales de los fairways.<\/p>\n<hr \/>\n<p>&nbsp;<\/p>\n","protected":false},"excerpt":{"rendered":"<p>\u00a0SE\u00d1OR JUGADOR\u00a0 Por favor recuerde\u2026 \u00a0ARREGLAR LOS PIQUES \u00a0REPONER LOS DIVOTS \u00a0RASTRILLAR LOS BUNKERS \u00a0Muchas Gracias VESTIMENTA Se comunica que NO SERA PERMITIDO EL USO de las siguientes vestimentas para la pr\u00e1ctica de golf: Joggins Remeras sin cuello Remeras musculosas Remeras sin mangas (caballeros) Camisetas de Football, Rugby, etc. Trajes de ba\u00f1o Shorts y Calzas [&hellip;]<\/p>\n","protected":false},"author":9,"featured_media":0,"parent":0,"menu_order":0,"comment_status":"open","ping_status":"open","template":"page-full-width.php","meta":[],"_links":{"self":[{"href":"https:\/\/www.olivosgolf.com.ar\/site\/wp-json\/wp\/v2\/pages\/52"}],"collection":[{"href":"https:\/\/www.olivosgolf.com.ar\/site\/wp-json\/wp\/v2\/pages"}],"about":[{"href":"https:\/\/www.olivosgolf.com.ar\/site\/wp-json\/wp\/v2\/types\/page"}],"author":[{"embeddable":true,"href":"https:\/\/www.olivosgolf.com.ar\/site\/wp-json\/wp\/v2\/users\/9"}],"replies":[{"embeddable":true,"href":"https:\/\/www.olivosgolf.com.ar\/site\/wp-json\/wp\/v2\/comments?post=52"}],"version-history":[{"count":5,"href":"https:\/\/www.olivosgolf.com.ar\/site\/wp-json\/wp\/v2\/pages\/52\/revisions"}],"predecessor-version":[{"id":5873,"href":"https:\/\/www.olivosgolf.com.ar\/site\/wp-json\/wp\/v2\/pages\/52\/revisions\/5873"}],"wp:attachment":[{"href":"https:\/\/www.olivosgolf.com.ar\/site\/wp-json\/wp\/v2\/media?parent=52"}],"curies":[{"name":"wp","href":"https:\/\/api.w.org\/{rel}","templated":true}]}}