{"id":78,"date":"2015-07-28T22:33:40","date_gmt":"2015-07-29T01:33:40","guid":{"rendered":"http:\/\/olivosgolf.com.ar\/site\/?page_id=78"},"modified":"2017-12-21T06:28:29","modified_gmt":"2017-12-21T09:28:29","slug":"eventos-de-golf-corporativos","status":"publish","type":"page","link":"http:\/\/www.olivosgolf.com.ar\/site\/servicios\/eventos-corporativos\/eventos-de-golf-corporativos\/","title":{"rendered":"Eventos de Golf Corporativos"},"content":{"rendered":"<p><a href=\"http:\/\/olivosgolf.com.ar\/site\/wp-content\/uploads\/2015\/07\/IMG_6691.jpg\"><img loading=\"lazy\" class=\"size-full wp-image-6159 aligncenter\" src=\"http:\/\/olivosgolf.com.ar\/site\/wp-content\/uploads\/2015\/07\/IMG_6691.jpg\" alt=\"IMG_6691\" width=\"614\" height=\"299\" srcset=\"http:\/\/www.olivosgolf.com.ar\/site\/wp-content\/uploads\/2015\/07\/IMG_6691.jpg 614w, http:\/\/www.olivosgolf.com.ar\/site\/wp-content\/uploads\/2015\/07\/IMG_6691-300x146.jpg 300w\" sizes=\"(max-width: 614px) 100vw, 614px\" \/><\/a><\/p>\n<p><strong>A s\u00f3lo 30\u2019 de la Capital Federal, un campo de golf estupendo para realizar un evento deportivo de inmejorables caracter\u00edsticas , la calidad de sus fairways y greens , su forestaci\u00f3n y dise\u00f1o, completan el marco ideal para lograr un encuentro de categor\u00eda.<\/strong><\/p>\n<ul>\n<li><strong>Organizaci\u00f3n de un evento ( por \u00fanica vez)<\/strong><br \/>\nD\u00edas martes, jueves y viernes. Uso de dos de las tres canchas de nueve hoyos (a fijar por el Club). Fondo de reserva para la definici\u00f3n de fecha, abonando el 50% del green fee acordado. El valor var\u00eda de acuerdo al d\u00eda de semana que se elija.<\/li>\n<\/ul>\n<div><\/div>\n<ul>\n<li><strong>Organizaci\u00f3n de eventos con continuidad de calendario durante d\u00edas de semana<\/strong><br \/>\nD\u00edas martes, jueves y viernes. Uso de dos de las tres canchas de nueve hoyos (a fijar por el Club). Fondo de reserva para la definici\u00f3n del calendario, abonando una se\u00f1a en concepto de green fee por fechas contratadas.<\/li>\n<\/ul>\n<div><\/div>\n<ul>\n<li><strong>Organizaci\u00f3n de eventos especiales durante S\u00e1bados y\/o Domingos<\/strong><br \/>\nSponsor del torneo del calendario que sea definido. Uso de las canchas oficiales de ese d\u00eda. Pago de un canon, y condici\u00f3n de auspiciante con premios y cocktail a su cargo.<\/li>\n<\/ul>\n<div><\/div>\n<ul>\n<li><strong>Para todos los eventos<\/strong><br \/>\nReservas con hasta seis meses de anticipaci\u00f3n.<br \/>\nExposici\u00f3n de publicidad (carteles, banderas, promotoras, puestos con sombrilla, ambientaci\u00f3n del Club House en las ubicaciones predeterminadas por el Club).<br \/>\nCatering exclusivo a cargo de nuestro concesionario.<br \/>\nUso del sal\u00f3n hasta las 20 hs.<\/li>\n<\/ul>\n<div><\/div>\n<ul>\n<li><strong>Prestaciones adicionales<\/strong><br \/>\nStarter (hasta las 15 hs.) o se puede traer personal para esa tarea.<br \/>\nConfecci\u00f3n de las tarjetas (los scores de las tarjetas Medal Play se informan a la AAG a fin de ser computadas para el record keeping del handicap.<br \/>\nDriving range<\/li>\n<\/ul>\n<div><\/div>\n<ul>\n<li><strong>INFORMES Y RESERVAS:<\/strong><\/li>\n<\/ul>\n<p>Secretaria<\/p>\n<p>4587-1076 \/ secretaria@olivosgolf.com.ar<\/p>\n<p>&nbsp;<\/p>\n<p>&nbsp;<\/p>\n","protected":false},"excerpt":{"rendered":"<p>A s\u00f3lo 30\u2019 de la Capital Federal, un campo de golf estupendo para realizar un evento deportivo de inmejorables caracter\u00edsticas , la calidad de sus fairways y greens , su forestaci\u00f3n y dise\u00f1o, completan el marco ideal para lograr un encuentro de categor\u00eda. Organizaci\u00f3n de un evento ( por \u00fanica vez) D\u00edas martes, jueves y [&hellip;]<\/p>\n","protected":false},"author":9,"featured_media":0,"parent":59,"menu_order":0,"comment_status":"open","ping_status":"open","template":"page-full-width.php","meta":[],"_links":{"self":[{"href":"http:\/\/www.olivosgolf.com.ar\/site\/wp-json\/wp\/v2\/pages\/78"}],"collection":[{"href":"http:\/\/www.olivosgolf.com.ar\/site\/wp-json\/wp\/v2\/pages"}],"about":[{"href":"http:\/\/www.olivosgolf.com.ar\/site\/wp-json\/wp\/v2\/types\/page"}],"author":[{"embeddable":true,"href":"http:\/\/www.olivosgolf.com.ar\/site\/wp-json\/wp\/v2\/users\/9"}],"replies":[{"embeddable":true,"href":"http:\/\/www.olivosgolf.com.ar\/site\/wp-json\/wp\/v2\/comments?post=78"}],"version-history":[{"count":6,"href":"http:\/\/www.olivosgolf.com.ar\/site\/wp-json\/wp\/v2\/pages\/78\/revisions"}],"predecessor-version":[{"id":6167,"href":"http:\/\/www.olivosgolf.com.ar\/site\/wp-json\/wp\/v2\/pages\/78\/revisions\/6167"}],"up":[{"embeddable":true,"href":"http:\/\/www.olivosgolf.com.ar\/site\/wp-json\/wp\/v2\/pages\/59"}],"wp:attachment":[{"href":"http:\/\/www.olivosgolf.com.ar\/site\/wp-json\/wp\/v2\/media?parent=78"}],"curies":[{"name":"wp","href":"https:\/\/api.w.org\/{rel}","templated":true}]}}