{"id":6225,"date":"2015-11-05T13:52:10","date_gmt":"2015-11-05T16:52:10","guid":{"rendered":"http:\/\/olivosgolf.com.ar\/site\/?page_id=6225"},"modified":"2017-12-21T06:27:33","modified_gmt":"2017-12-21T09:27:33","slug":"alquiler-de-cancha-de-golf","status":"publish","type":"page","link":"http:\/\/www.olivosgolf.com.ar\/site\/servicios\/alquiler-de-cancha-de-golf\/","title":{"rendered":"Alquiler de Cancha de Golf"},"content":{"rendered":"<header class=\"entry-header\">\n<h1 class=\"entry-title\"><\/h1>\n<\/header>\n<div class=\"entry-content\"><a href=\"http:\/\/olivosgolf.com.ar\/site\/wp-content\/uploads\/2015\/11\/IMG_6691.jpg\"><img loading=\"lazy\" class=\"aligncenter size-full wp-image-6229\" src=\"http:\/\/olivosgolf.com.ar\/site\/wp-content\/uploads\/2015\/11\/IMG_6691.jpg\" alt=\"IMG_6691\" width=\"614\" height=\"299\" srcset=\"http:\/\/www.olivosgolf.com.ar\/site\/wp-content\/uploads\/2015\/11\/IMG_6691.jpg 614w, http:\/\/www.olivosgolf.com.ar\/site\/wp-content\/uploads\/2015\/11\/IMG_6691-300x146.jpg 300w\" sizes=\"(max-width: 614px) 100vw, 614px\" \/><\/a><\/div>\n<div class=\"entry-content\">\n<h2><\/h2>\n<p><strong><em>\u00a0<\/em><\/strong><\/p>\n<p><strong>Organizaci\u00f3n de un evento ( por \u00fanica vez)<\/strong><\/p>\n<ul>\n<li>D\u00edas martes, jueves y viernes. Uso de dos de las tres canchas de nueve hoyos (a fijar por el Club). Fondo de reserva para\u00a0 la definici\u00f3n de fecha, abonando el 50% del green fee acordado. El valor var\u00eda de acuerdo al d\u00eda de semana que se elija.<\/li>\n<\/ul>\n<p><strong>Organizaci\u00f3n de eventos con continuidad de calendario durante d\u00edas de semana<\/strong><\/p>\n<ul>\n<li>D\u00edas martes, jueves y viernes. Uso de dos de las tres canchas de nueve hoyos (a fijar por el Club). Fondo de reserva para\u00a0 la definici\u00f3n del calendario, abonando una se\u00f1a en concepto de green fee por fechas contratadas.<\/li>\n<\/ul>\n<p><strong>Organizaci\u00f3n de eventos especiales durante S\u00e1bados y\/o Domingos<\/strong><\/p>\n<ul>\n<li>Sponsor del torneo del calendario que sea definido. Uso de las canchas oficiales de ese d\u00eda. Pago de un canon, y condici\u00f3n de auspiciante con premios y cocktail a su cargo.<\/li>\n<\/ul>\n<p><strong>Para todos los eventos<\/strong><\/p>\n<ul>\n<li>Reservas con hasta seis meses de anticipaci\u00f3n.<\/li>\n<li>Exposici\u00f3n de publicidad (carteles, banderas, promotoras, puestos con sombrilla, ambientaci\u00f3n del Club House en las ubicaciones predeterminadas por el Club).<\/li>\n<li>Catering exclusivo a cargo de nuestro concesionario.<\/li>\n<li>Uso del sal\u00f3n hasta las 20 hs.<\/li>\n<\/ul>\n<p><strong>Prestaciones adicionales<\/strong><\/p>\n<ul>\n<li>Starter (hasta las 15 hs.) o se puede traer personal para esa tarea.<\/li>\n<li>Confecci\u00f3n de las tarjetas (los scores de las tarjetas Medal Play se informan a la AAG a fin de ser computadas para el record keeping del handicap.<\/li>\n<li>Driving range<\/li>\n<\/ul>\n<p><strong>INFORMES Y RESERVAS:<\/strong><\/p>\n<p>Secretaria.<\/p>\n<p>4587-1076 \/ secretaria@olivosgolf.com.ar<\/p>\n<\/div>\n","protected":false},"excerpt":{"rendered":"<p>\u00a0 Organizaci\u00f3n de un evento ( por \u00fanica vez) D\u00edas martes, jueves y viernes. Uso de dos de las tres canchas de nueve hoyos (a fijar por el Club). Fondo de reserva para\u00a0 la definici\u00f3n de fecha, abonando el 50% del green fee acordado. El valor var\u00eda de acuerdo al d\u00eda de semana que se [&hellip;]<\/p>\n","protected":false},"author":9,"featured_media":0,"parent":56,"menu_order":0,"comment_status":"closed","ping_status":"closed","template":"page-full-width.php","meta":[],"_links":{"self":[{"href":"http:\/\/www.olivosgolf.com.ar\/site\/wp-json\/wp\/v2\/pages\/6225"}],"collection":[{"href":"http:\/\/www.olivosgolf.com.ar\/site\/wp-json\/wp\/v2\/pages"}],"about":[{"href":"http:\/\/www.olivosgolf.com.ar\/site\/wp-json\/wp\/v2\/types\/page"}],"author":[{"embeddable":true,"href":"http:\/\/www.olivosgolf.com.ar\/site\/wp-json\/wp\/v2\/users\/9"}],"replies":[{"embeddable":true,"href":"http:\/\/www.olivosgolf.com.ar\/site\/wp-json\/wp\/v2\/comments?post=6225"}],"version-history":[{"count":4,"href":"http:\/\/www.olivosgolf.com.ar\/site\/wp-json\/wp\/v2\/pages\/6225\/revisions"}],"predecessor-version":[{"id":6235,"href":"http:\/\/www.olivosgolf.com.ar\/site\/wp-json\/wp\/v2\/pages\/6225\/revisions\/6235"}],"up":[{"embeddable":true,"href":"http:\/\/www.olivosgolf.com.ar\/site\/wp-json\/wp\/v2\/pages\/56"}],"wp:attachment":[{"href":"http:\/\/www.olivosgolf.com.ar\/site\/wp-json\/wp\/v2\/media?parent=6225"}],"curies":[{"name":"wp","href":"https:\/\/api.w.org\/{rel}","templated":true}]}}