{"id":5891,"date":"2015-10-21T22:44:14","date_gmt":"2015-10-22T01:44:14","guid":{"rendered":"http:\/\/olivosgolf.com.ar\/site\/?page_id=5891"},"modified":"2015-10-21T23:08:58","modified_gmt":"2015-10-22T02:08:58","slug":"obra-del-caddie-asociacion-civil","status":"publish","type":"page","link":"http:\/\/www.olivosgolf.com.ar\/site\/obra-del-caddie-asociacion-civil\/","title":{"rendered":"Obra del Caddie Asociaci\u00f3n Civil"},"content":{"rendered":"Debe iniciar sesi\u00f3n para ver este contenido","protected":false},"excerpt":{"rendered":"Debe iniciar sesi\u00f3n para ver este contenido","protected":false},"author":9,"featured_media":0,"parent":0,"menu_order":0,"comment_status":"closed","ping_status":"closed","template":"page-full-width.php","meta":[],"_links":{"self":[{"href":"http:\/\/www.olivosgolf.com.ar\/site\/wp-json\/wp\/v2\/pages\/5891"}],"collection":[{"href":"http:\/\/www.olivosgolf.com.ar\/site\/wp-json\/wp\/v2\/pages"}],"about":[{"href":"http:\/\/www.olivosgolf.com.ar\/site\/wp-json\/wp\/v2\/types\/page"}],"author":[{"embeddable":true,"href":"http:\/\/www.olivosgolf.com.ar\/site\/wp-json\/wp\/v2\/users\/9"}],"replies":[{"embeddable":true,"href":"http:\/\/www.olivosgolf.com.ar\/site\/wp-json\/wp\/v2\/comments?post=5891"}],"version-history":[{"count":4,"href":"http:\/\/www.olivosgolf.com.ar\/site\/wp-json\/wp\/v2\/pages\/5891\/revisions"}],"predecessor-version":[{"id":6063,"href":"http:\/\/www.olivosgolf.com.ar\/site\/wp-json\/wp\/v2\/pages\/5891\/revisions\/6063"}],"wp:attachment":[{"href":"http:\/\/www.olivosgolf.com.ar\/site\/wp-json\/wp\/v2\/media?parent=5891"}],"curies":[{"name":"wp","href":"https:\/\/api.w.org\/{rel}","templated":true}]}}