{"id":5889,"date":"2015-10-21T22:09:29","date_gmt":"2015-10-22T01:09:29","guid":{"rendered":"http:\/\/olivosgolf.com.ar\/site\/?page_id=5889"},"modified":"2015-10-21T22:54:34","modified_gmt":"2015-10-22T01:54:34","slug":"centro-de-formacion-y-capacitacion-laboral","status":"publish","type":"page","link":"http:\/\/www.olivosgolf.com.ar\/site\/centro-de-formacion-y-capacitacion-laboral\/","title":{"rendered":"Centro de Formaci\u00f3n y Capacitaci\u00f3n Laboral"},"content":{"rendered":"Debe iniciar sesi\u00f3n para ver este contenido","protected":false},"excerpt":{"rendered":"Debe iniciar sesi\u00f3n para ver este contenido","protected":false},"author":9,"featured_media":0,"parent":0,"menu_order":0,"comment_status":"closed","ping_status":"closed","template":"page-full-width.php","meta":[],"_links":{"self":[{"href":"http:\/\/www.olivosgolf.com.ar\/site\/wp-json\/wp\/v2\/pages\/5889"}],"collection":[{"href":"http:\/\/www.olivosgolf.com.ar\/site\/wp-json\/wp\/v2\/pages"}],"about":[{"href":"http:\/\/www.olivosgolf.com.ar\/site\/wp-json\/wp\/v2\/types\/page"}],"author":[{"embeddable":true,"href":"http:\/\/www.olivosgolf.com.ar\/site\/wp-json\/wp\/v2\/users\/9"}],"replies":[{"embeddable":true,"href":"http:\/\/www.olivosgolf.com.ar\/site\/wp-json\/wp\/v2\/comments?post=5889"}],"version-history":[{"count":4,"href":"http:\/\/www.olivosgolf.com.ar\/site\/wp-json\/wp\/v2\/pages\/5889\/revisions"}],"predecessor-version":[{"id":5977,"href":"http:\/\/www.olivosgolf.com.ar\/site\/wp-json\/wp\/v2\/pages\/5889\/revisions\/5977"}],"wp:attachment":[{"href":"http:\/\/www.olivosgolf.com.ar\/site\/wp-json\/wp\/v2\/media?parent=5889"}],"curies":[{"name":"wp","href":"https:\/\/api.w.org\/{rel}","templated":true}]}}