{"id":50,"date":"2015-07-28T22:27:42","date_gmt":"2015-07-29T01:27:42","guid":{"rendered":"http:\/\/olivosgolf.com.ar\/site\/?page_id=50"},"modified":"2017-12-21T06:45:25","modified_gmt":"2017-12-21T09:45:25","slug":"etiqueta","status":"publish","type":"page","link":"http:\/\/www.olivosgolf.com.ar\/site\/etiqueta\/","title":{"rendered":"Etiqueta"},"content":{"rendered":"<h2><img class=\"aligncenter size-full wp-image-325\" src=\"\/site\/wp-content\/uploads\/2015\/07\/jugador-en-la-banca.jpg\" alt=\"jugador-en-la-banca\" width=\"100%\" srcset=\"http:\/\/www.olivosgolf.com.ar\/site\/wp-content\/uploads\/2015\/07\/jugador-en-la-banca.jpg 624w, http:\/\/www.olivosgolf.com.ar\/site\/wp-content\/uploads\/2015\/07\/jugador-en-la-banca-300x142.jpg 300w\" sizes=\"(max-width: 624px) 100vw, 624px\" \/><br \/>\nComportamiento en la cancha<\/h2>\n<p><em>Esta secci\u00f3n establece las pautas sobre el comportamiento durante el juego del golf.\u00a0 Si todos los jugadores las cumplen, disfrutar\u00e1n m\u00e1s del juego. El principio fundamental es que en la cancha se deber\u00eda mostrar en todo momento consideraci\u00f3n hacia los dem\u00e1s.<\/em><\/p>\n<p><em>En su mayor parte ya diferencia de muchos deportes, el golf se practica sin la supervisi\u00f3n de un \u00e1rbitro. El juego depende de la integridad del individuo para mostrar consideraci\u00f3n hacia los dem\u00e1s jugadores y acatar las Reglas. Todos los jugadores deber\u00edan conducirse de , manera disciplinada, demostrando en todo momento cortes\u00eda y esp\u00edritu deportivo, independientemente de cuan competitivos puedan ser. Este es el esp\u00edritu del juego de golf.<\/em><\/p>\n<p><em>Si los jugadores siguen las pautas indicadas en esta secci\u00f3n, har\u00e1n que el juego sea m\u00e1s agradable para todos. <\/em><em>Si en detrimento de los dem\u00e1s, durante toda la vuelta o a lo largo de un determinado lapso, un jugador ignora sistem\u00e1ticamente estas orientaciones, se recomienda que el Comit\u00e9 tome adecuadas medidas disciplinarias para con el jugador en falta. Estas medidas pueden, por ejemplo, incluir la prohibici\u00f3n de juego en la cancha o en determinadas competencias durante un per\u00edodo de tiempo. Estas medidas se consideran justificadas ya que se estar\u00eda protegiendo el inter\u00e9s de la mayor\u00eda de los golfistas, quienes desean jugar de acuerdo a estas pautas.<\/em><\/p>\n<p><strong>En caso de una seria infracci\u00f3n a la Etiqueta, el Comit\u00e9 puede descalificar a un jugador seg\u00fan la Regla 33- 7<\/strong><\/p>\n<hr \/>\n<h3>Seguridad<\/h3>\n<ul>\n<li>Los jugadores deber\u00edan asegurarse de que nadie est\u00e9 parado cerca o en posici\u00f3n de ser golpeado por el palo, la pelota, una piedra, guija, ramita o cosas similares, cuando ejecuten un golpe o swing de pr\u00e1ctica.<\/li>\n<li>Los jugadores no deber\u00edan ejecutar un golpe hasta tanto quienes los preceden est\u00e9n fuera de su alcance.<\/li>\n<li>Los jugadores siempre deber\u00edan alertar al personal de la cancha que se encuentre cerca o , delante, cuando est\u00e9n por ejecutar un golpe que pudiera ponerlos en peligro.<\/li>\n<li>Si un jugador juega una pelota en direcci\u00f3n tal que podr\u00eda existir el peligro de golpear a alguien, inmediatamente deber\u00eda dar un grito de advertencia. La palabra usada tradicionalmente en estas situaciones es &#8220;fore&#8221;.<\/li>\n<\/ul>\n<h3>Consideraci\u00f3n con Otros Jugadores<\/h3>\n<ul>\n<li>No Molestar ni Distraer<\/li>\n<li>Los jugadores siempre deber\u00edan mostrar consideraci\u00f3n hacia los otros jugadores que se encuentren en la cancha y no deber\u00edan molestar su juego ya sea movi\u00e9ndose, hablando o haciendo ruidos innecesarios.<\/li>\n<li>Los jugadores deber\u00edan asegurarse que los dispositivos electr\u00f3nicos que llevan a la cancha no distraigan a otros jugadores.<\/li>\n<li>En el sitio de salida, un jugador no deber\u00eda colocar la pelota sobre el tee hasta tanto sea su turno de juego.<\/li>\n<li>Los jugadores no deber\u00edan pararse cerca o directamente detr\u00e1s de la pelota o directamente detr\u00e1s del hoyo cuando otro jugador est\u00e1 por jugar .<\/li>\n<\/ul>\n<h3>En el Putting Green<\/h3>\n<ul>\n<li>En el putting green, ning\u00fan jugador deber\u00eda pararse en la l\u00ednea del putt de otro jugador o, cuando est\u00e1 ejecutando un golpe, hacer sombra sobre su l\u00ednea del putt.<\/li>\n<li>Los jugadores deber\u00edan permanecer en o cerca del putting green hasta tanto todos los jugadores del grupo hayan embocado.<\/li>\n<\/ul>\n<h3>Anotando Scores<\/h3>\n<ul>\n<li>En el juego por golpes, un jugador que cumple la funci\u00f3n de marcador deber\u00eda, de ser necesario, camino al pr\u00f3ximo sitio de salida, verificar el score con el jugador correspondiente y anotarlo.<\/li>\n<\/ul>\n<h3>Ritmo de Juego<\/h3>\n<ul>\n<li>Juegue a Buen Ritmo y Sin Demoras<\/li>\n<li>Los jugadores deber\u00edan jugar a buen ritmo. El Comit\u00e9 puede disponer una orientaci\u00f3n sobre el ritmo de juego que deber\u00edan cumplir todos los jugadores.<\/li>\n<li>Cada grupo es responsable de conservar la distancia con el grupo que lo precede. Si tiene un hoyo libre y est\u00e1 demorando al grupo que lo sigue, deber\u00eda cederle el paso sin tener en cuenta la cantidad de jugadores que lo integren.<\/li>\n<li>Los jugadores deber\u00edan estar preparados para jugar tan pronto como sea su turno de hacerlo. Al jugar en o cerca de un putting green, deber\u00edan dejar sus bolsas o carros en una posici\u00f3n que les permita un desalojo r\u00e1pido del green hacia el pr\u00f3ximo sitio de salida. Una vez completado el juego de un hoyo, los jugadores deber\u00edan abandonar inmediatamente el putting green.<\/li>\n<\/ul>\n<h3>Pelota Perdida<\/h3>\n<ul>\n<li>Si un jugador cree que su pelota puede estar perdida fuera de un hazard de agua o fuera de l\u00edmites, para ahorrar tiempo, deber\u00eda jugar una pelota provisional.<\/li>\n<li>Los jugadores que buscan una pelota, no bien adviertan que la misma no ha de ser f\u00e1cilmente encontrada, deber\u00edan hacer se\u00f1as a los jugadores del grupo de atr\u00e1s cedi\u00e9ndoles el paso. No deber\u00edan dejar transcurrir cinco minutos antes de proceder en la forma indicada. Una vez cedido el paso, no deber\u00edan &#8220;continuar jugando hasta tanto el grupo que los haya pasado se encuentre fuera de su alcance.<\/li>\n<\/ul>\n<h3>Prioridad en la Cancha<\/h3>\n<ul>\n<li>A menos que el Comit\u00e9 lo establezca de otra forma, la prioridad en la cancha se determinar\u00e1 seg\u00fan el ritmo de juego de cada grupo. Cualquier grupo que juegue una vuelta completa tendr\u00e1 derecho a pasar aun grupo que est\u00e9 jugando una vuelta m\u00e1s corta.<\/li>\n<\/ul>\n<h3>Cuidado de la Cancha<\/h3>\n<h3>Bunkers<\/h3>\n<ul>\n<li>Antes de abandonar un bunker, los jugadores deber\u00edan nivelar y alisar cuidadosamente las irregularidades y pisadas hechas por ellos y cualesquier otras cercanas hechas por otros. Deber\u00edan hacerlo con un rastrillo, si es que se dispone de uno a distancia cercana del bunker.<\/li>\n<\/ul>\n<h3>Reparaci\u00f3n de Divots, Piques de Pelotas y Da\u00f1os Causados por Zapatos<\/h3>\n<ul>\n<li>Los jugadores deber\u00edan reparar cuidadosamente cualquier agujero de divot hecho por ellos y cualquier da\u00f1o al putting green hecho por el impacto de una pelota (sea o no hecho por el propio jugador). Los da\u00f1os al putting green ocasionados por los zapatos de golf deber\u00edan repararse una vez completado el hoyo por todos los jugadores del gnipo.<\/li>\n<\/ul>\n<h3>Prevenci\u00f3n de Da\u00f1os Innecesarios:<\/h3>\n<ul>\n<li>Los jugadores deber\u00edan evitar da\u00f1ar la cancha sacando divots al realizar swings de pr\u00e1ctica o golpeando la cabeza de un palo contra el suelo, ya sea por enojo 0 por cualquier otra raz\u00f3n.<\/li>\n<li>Al apoyar las bolsas o el asta-bandera, los jugadores deber\u00edan asegurarse de no ocasionar da\u00f1os en la superficie del put.ting green.<\/li>\n<li>Para evitar da\u00f1ar el hoyo, ni los jugadores ni sus caddies deber\u00edan pararse demasiado cerca del mismo y deber\u00edan tener cuidado al manipular el asta-bandera o al sacar la pelota del hoyo. No deber\u00eda utilizarse la cabeza de un palo para sacar una pelota del hoyo.<\/li>\n<li>En el putting green, los jugadores no deber\u00edan apoyarse en un palo, particularmente al sacar la pelota del hoyo.<\/li>\n<li>Antes de que los jugadores se retiren del putting green, el asta-bandera deber\u00eda ser repuesta correctamente en el hoyo.<\/li>\n<li>Se deber\u00eda cumplir estrictamente lo que indiquen los avisos locales que regulan el desplazamiento de los carros de golf.<\/li>\n<\/ul>\n","protected":false},"excerpt":{"rendered":"<p>Comportamiento en la cancha Esta secci\u00f3n establece las pautas sobre el comportamiento durante el juego del golf.\u00a0 Si todos los jugadores las cumplen, disfrutar\u00e1n m\u00e1s del juego. El principio fundamental es que en la cancha se deber\u00eda mostrar en todo momento consideraci\u00f3n hacia los dem\u00e1s. En su mayor parte ya diferencia de muchos deportes, el [&hellip;]<\/p>\n","protected":false},"author":9,"featured_media":0,"parent":0,"menu_order":0,"comment_status":"open","ping_status":"open","template":"page-full-width.php","meta":[],"_links":{"self":[{"href":"http:\/\/www.olivosgolf.com.ar\/site\/wp-json\/wp\/v2\/pages\/50"}],"collection":[{"href":"http:\/\/www.olivosgolf.com.ar\/site\/wp-json\/wp\/v2\/pages"}],"about":[{"href":"http:\/\/www.olivosgolf.com.ar\/site\/wp-json\/wp\/v2\/types\/page"}],"author":[{"embeddable":true,"href":"http:\/\/www.olivosgolf.com.ar\/site\/wp-json\/wp\/v2\/users\/9"}],"replies":[{"embeddable":true,"href":"http:\/\/www.olivosgolf.com.ar\/site\/wp-json\/wp\/v2\/comments?post=50"}],"version-history":[{"count":5,"href":"http:\/\/www.olivosgolf.com.ar\/site\/wp-json\/wp\/v2\/pages\/50\/revisions"}],"predecessor-version":[{"id":5877,"href":"http:\/\/www.olivosgolf.com.ar\/site\/wp-json\/wp\/v2\/pages\/50\/revisions\/5877"}],"wp:attachment":[{"href":"http:\/\/www.olivosgolf.com.ar\/site\/wp-json\/wp\/v2\/media?parent=50"}],"curies":[{"name":"wp","href":"https:\/\/api.w.org\/{rel}","templated":true}]}}