{"id":33,"date":"2015-07-28T22:24:01","date_gmt":"2015-07-29T01:24:01","guid":{"rendered":"http:\/\/olivosgolf.com.ar\/site\/?page_id=33"},"modified":"2025-08-13T12:32:32","modified_gmt":"2025-08-13T15:32:32","slug":"juegue-en-el-olivos","status":"publish","type":"page","link":"http:\/\/www.olivosgolf.com.ar\/site\/juegue-en-el-olivos\/","title":{"rendered":"Juegue en el Olivos"},"content":{"rendered":"<p><img class=\"aligncenter wp-image-295\" src=\"\/site\/wp-content\/uploads\/2015\/07\/encabezado-cartel-OGC-2.jpg\" alt=\"encabezado-cartel-OGC-2\" width=\"100%\" srcset=\"http:\/\/www.olivosgolf.com.ar\/site\/wp-content\/uploads\/2015\/07\/encabezado-cartel-OGC-2.jpg 624w, http:\/\/www.olivosgolf.com.ar\/site\/wp-content\/uploads\/2015\/07\/encabezado-cartel-OGC-2-300x142.jpg 300w\" sizes=\"(max-width: 624px) 100vw, 624px\" \/><\/p>\n<h2 style=\"text-align: center\">Bienvenido al Olivos Golf Club<\/h2>\n<p style=\"text-align: left\">Si usted desea consultar por disponibilidad de horarios, por favor comun\u00edquese al tel\u00e9fono:<\/p>\n<p style=\"text-align: left\"><strong>(5411) 4587-1076 <\/strong><strong>(int.) 112 \/101\/102, de Martes a S\u00e1bado de 8 a&nbsp;16:30 hs.<\/strong><\/p>\n<div style=\"text-align: left\">La secretar\u00eda del club los d\u00edas Domingo y Lunes&nbsp;se encuentra cerrada. Consulte si su club tiene <a href=\"\/site\/el-club\/\">Reciprocidad <\/a>con el Olivos Golf Club<\/div>\n<div style=\"text-align: left\"><\/div>\n<div style=\"text-align: center\"><\/div>\n<div style=\"text-align: left\"><\/div>\n<h5>Visitas Extranjeras: U$D 200 dolares<\/h5>\n<div style=\"text-align: center\">\n<ul>\n<h5>Devoluci\u00f3n de Green Fee:<\/h5>\n<p style=\"text-align: left\">Se informa que una vez iniciado el juego, si por alg\u00fan motivo el mismo fuera suspendido, el importe del green fee ya cobrado no tendr\u00e1 devoluci\u00f3n.<\/p>\n<\/ul>\n<\/div>\n","protected":false},"excerpt":{"rendered":"<p>Bienvenido al Olivos Golf Club Si usted desea consultar por disponibilidad de horarios, por favor comun\u00edquese al tel\u00e9fono: (5411) 4587-1076 (int.) 112 \/101\/102, de Martes a S\u00e1bado de 8 a&nbsp;16:30 hs. La secretar\u00eda del club los d\u00edas Domingo y Lunes&nbsp;se encuentra cerrada. Consulte si su club tiene Reciprocidad con el Olivos Golf Club Visitas Extranjeras: [&hellip;]<\/p>\n","protected":false},"author":9,"featured_media":0,"parent":0,"menu_order":0,"comment_status":"open","ping_status":"open","template":"page-full-width.php","meta":[],"_links":{"self":[{"href":"http:\/\/www.olivosgolf.com.ar\/site\/wp-json\/wp\/v2\/pages\/33"}],"collection":[{"href":"http:\/\/www.olivosgolf.com.ar\/site\/wp-json\/wp\/v2\/pages"}],"about":[{"href":"http:\/\/www.olivosgolf.com.ar\/site\/wp-json\/wp\/v2\/types\/page"}],"author":[{"embeddable":true,"href":"http:\/\/www.olivosgolf.com.ar\/site\/wp-json\/wp\/v2\/users\/9"}],"replies":[{"embeddable":true,"href":"http:\/\/www.olivosgolf.com.ar\/site\/wp-json\/wp\/v2\/comments?post=33"}],"version-history":[{"count":62,"href":"http:\/\/www.olivosgolf.com.ar\/site\/wp-json\/wp\/v2\/pages\/33\/revisions"}],"predecessor-version":[{"id":9617,"href":"http:\/\/www.olivosgolf.com.ar\/site\/wp-json\/wp\/v2\/pages\/33\/revisions\/9617"}],"wp:attachment":[{"href":"http:\/\/www.olivosgolf.com.ar\/site\/wp-json\/wp\/v2\/media?parent=33"}],"curies":[{"name":"wp","href":"https:\/\/api.w.org\/{rel}","templated":true}]}}